{"id":600,"date":"2023-07-10T09:06:17","date_gmt":"2023-07-10T09:06:17","guid":{"rendered":"https:\/\/xn--haushaltsauflsung-c0b.info\/?page_id=600"},"modified":"2023-07-12T12:29:20","modified_gmt":"2023-07-12T12:29:20","slug":"impressum","status":"publish","type":"page","link":"https:\/\/xn--haushaltsauflsung-c0b.info\/?page_id=600","title":{"rendered":"Impressum"},"content":{"rendered":"<div class=\"fusion-fullwidth fullwidth-box fusion-builder-row-1 fusion-flex-container has-pattern-background has-mask-background nonhundred-percent-fullwidth non-hundred-percent-height-scrolling\" style=\"--awb-border-radius-top-left:0px;--awb-border-radius-top-right:0px;--awb-border-radius-bottom-right:0px;--awb-border-radius-bottom-left:0px;\" ><div class=\"fusion-builder-row fusion-row fusion-flex-align-items-flex-start\" style=\"max-width:104%;margin-left: calc(-4% \/ 2 );margin-right: calc(-4% \/ 2 );\"><div class=\"fusion-layout-column fusion_builder_column fusion-builder-column-0 fusion_builder_column_1_1 1_1 fusion-flex-column\" style=\"--awb-bg-size:cover;--awb-width-large:100%;--awb-margin-top-large:0px;--awb-spacing-right-large:1.92%;--awb-margin-bottom-large:20px;--awb-spacing-left-large:1.92%;--awb-width-medium:100%;--awb-order-medium:0;--awb-spacing-right-medium:1.92%;--awb-spacing-left-medium:1.92%;--awb-width-small:100%;--awb-order-small:0;--awb-spacing-right-small:1.92%;--awb-spacing-left-small:1.92%;\"><div class=\"fusion-column-wrapper fusion-column-has-shadow fusion-flex-justify-content-flex-start fusion-content-layout-column\"><div class=\"fusion-text fusion-text-1\"><h2>Angaben gem\u00e4\u00df \u00a7 5 TMG<\/h2>\n<p>Andreas Niegeb\u00e4r<br \/>\nHaushaltsaufl\u00f6sung.info<br \/>\nBredkamp 72<br \/>\n22589 Hamburg<\/p>\n<h2>Kontakt<\/h2>\n<p>Telefon: 040 22 888 234<br \/>\nE-Mail: service@haushaltsaufl\u00f6sung.info<\/p>\n<h2>EU-Streitschlichtung<\/h2>\n<p>Die Europ\u00e4ische Kommission stellt eine Plattform zur Online-Streitbeilegung (OS) bereit: <a href=\"https:\/\/ec.europa.eu\/consumers\/odr\/\" target=\"_blank\" rel=\"noopener noreferrer\">https:\/\/ec.europa.eu\/consumers\/odr\/<\/a>.<br \/>\nUnsere E-Mail-Adresse finden Sie oben im Impressum.<\/p>\n<h2>Verbraucher\u00adstreit\u00adbeilegung\/Universal\u00adschlichtungs\u00adstelle<\/h2>\n<p>Wir sind nicht bereit oder verpflichtet, an Streitbeilegungsverfahren vor einer Verbraucherschlichtungsstelle teilzunehmen.<\/p>\n<\/div><\/div><\/div><\/div><\/div>\n","protected":false},"excerpt":{"rendered":"","protected":false},"author":3,"featured_media":0,"parent":0,"menu_order":0,"comment_status":"closed","ping_status":"closed","template":"100-width.php","meta":{"content-type":"","footnotes":""},"class_list":["post-600","page","type-page","status-publish","hentry"],"acf":[],"yoast_head":"<!-- This site is optimized with the Yoast SEO plugin v20.10 - https:\/\/yoast.com\/wordpress\/plugins\/seo\/ -->\n<title>Impressum - Nachhaltige Entr\u00fcmpelungen &amp; Ankauf von Nachl\u00e4ssen<\/title>\n<meta name=\"robots\" content=\"index, follow, max-snippet:-1, max-image-preview:large, max-video-preview:-1\" \/>\n<link rel=\"canonical\" href=\"https:\/\/xn--haushaltsauflsung-c0b.info\/?page_id=600\" \/>\n<meta property=\"og:locale\" content=\"de_DE\" \/>\n<meta property=\"og:type\" content=\"article\" \/>\n<meta property=\"og:title\" content=\"Impressum - Nachhaltige Entr\u00fcmpelungen &amp; Ankauf von Nachl\u00e4ssen\" \/>\n<meta property=\"og:url\" content=\"https:\/\/xn--haushaltsauflsung-c0b.info\/?page_id=600\" \/>\n<meta property=\"og:site_name\" content=\"Nachhaltige Entr\u00fcmpelungen &amp; Ankauf von Nachl\u00e4ssen\" \/>\n<meta property=\"article:modified_time\" content=\"2023-07-12T12:29:20+00:00\" \/>\n<meta name=\"twitter:card\" content=\"summary_large_image\" \/>\n<meta name=\"twitter:label1\" content=\"Gesch\u00e4tzte Lesezeit\" \/>\n\t<meta name=\"twitter:data1\" content=\"3\u00a0Minuten\" \/>\n<script type=\"application\/ld+json\" class=\"yoast-schema-graph\">{\"@context\":\"https:\/\/schema.org\",\"@graph\":[{\"@type\":\"WebPage\",\"@id\":\"https:\/\/xn--haushaltsauflsung-c0b.info\/?page_id=600\",\"url\":\"https:\/\/xn--haushaltsauflsung-c0b.info\/?page_id=600\",\"name\":\"Impressum - Nachhaltige Entr\u00fcmpelungen &amp; Ankauf von Nachl\u00e4ssen\",\"isPartOf\":{\"@id\":\"https:\/\/xn--haushaltsauflsung-c0b.info\/#website\"},\"datePublished\":\"2023-07-10T09:06:17+00:00\",\"dateModified\":\"2023-07-12T12:29:20+00:00\",\"breadcrumb\":{\"@id\":\"https:\/\/xn--haushaltsauflsung-c0b.info\/?page_id=600#breadcrumb\"},\"inLanguage\":\"de\",\"potentialAction\":[{\"@type\":\"ReadAction\",\"target\":[\"https:\/\/xn--haushaltsauflsung-c0b.info\/?page_id=600\"]}]},{\"@type\":\"BreadcrumbList\",\"@id\":\"https:\/\/xn--haushaltsauflsung-c0b.info\/?page_id=600#breadcrumb\",\"itemListElement\":[{\"@type\":\"ListItem\",\"position\":1,\"name\":\"Startseite\",\"item\":\"https:\/\/xn--haushaltsauflsung-c0b.info\/\"},{\"@type\":\"ListItem\",\"position\":2,\"name\":\"Impressum\"}]},{\"@type\":\"WebSite\",\"@id\":\"https:\/\/xn--haushaltsauflsung-c0b.info\/#website\",\"url\":\"https:\/\/xn--haushaltsauflsung-c0b.info\/\",\"name\":\"Nachhaltige Entr\u00fcmpelungen &amp; Ankauf von Nachl\u00e4ssen\",\"description\":\"Ihr zuverl\u00e4ssiger Entr\u00fcmpler\",\"potentialAction\":[{\"@type\":\"SearchAction\",\"target\":{\"@type\":\"EntryPoint\",\"urlTemplate\":\"https:\/\/xn--haushaltsauflsung-c0b.info\/?s={search_term_string}\"},\"query-input\":\"required name=search_term_string\"}],\"inLanguage\":\"de\"}]}<\/script>\n<!-- \/ Yoast SEO plugin. -->","yoast_head_json":{"title":"Impressum - Nachhaltige Entr\u00fcmpelungen &amp; Ankauf von Nachl\u00e4ssen","robots":{"index":"index","follow":"follow","max-snippet":"max-snippet:-1","max-image-preview":"max-image-preview:large","max-video-preview":"max-video-preview:-1"},"canonical":"https:\/\/xn--haushaltsauflsung-c0b.info\/?page_id=600","og_locale":"de_DE","og_type":"article","og_title":"Impressum - Nachhaltige Entr\u00fcmpelungen &amp; Ankauf von Nachl\u00e4ssen","og_url":"https:\/\/xn--haushaltsauflsung-c0b.info\/?page_id=600","og_site_name":"Nachhaltige Entr\u00fcmpelungen &amp; Ankauf von Nachl\u00e4ssen","article_modified_time":"2023-07-12T12:29:20+00:00","twitter_card":"summary_large_image","twitter_misc":{"Gesch\u00e4tzte Lesezeit":"3\u00a0Minuten"},"schema":{"@context":"https:\/\/schema.org","@graph":[{"@type":"WebPage","@id":"https:\/\/xn--haushaltsauflsung-c0b.info\/?page_id=600","url":"https:\/\/xn--haushaltsauflsung-c0b.info\/?page_id=600","name":"Impressum - Nachhaltige Entr\u00fcmpelungen &amp; Ankauf von Nachl\u00e4ssen","isPartOf":{"@id":"https:\/\/xn--haushaltsauflsung-c0b.info\/#website"},"datePublished":"2023-07-10T09:06:17+00:00","dateModified":"2023-07-12T12:29:20+00:00","breadcrumb":{"@id":"https:\/\/xn--haushaltsauflsung-c0b.info\/?page_id=600#breadcrumb"},"inLanguage":"de","potentialAction":[{"@type":"ReadAction","target":["https:\/\/xn--haushaltsauflsung-c0b.info\/?page_id=600"]}]},{"@type":"BreadcrumbList","@id":"https:\/\/xn--haushaltsauflsung-c0b.info\/?page_id=600#breadcrumb","itemListElement":[{"@type":"ListItem","position":1,"name":"Startseite","item":"https:\/\/xn--haushaltsauflsung-c0b.info\/"},{"@type":"ListItem","position":2,"name":"Impressum"}]},{"@type":"WebSite","@id":"https:\/\/xn--haushaltsauflsung-c0b.info\/#website","url":"https:\/\/xn--haushaltsauflsung-c0b.info\/","name":"Nachhaltige Entr\u00fcmpelungen &amp; Ankauf von Nachl\u00e4ssen","description":"Ihr zuverl\u00e4ssiger Entr\u00fcmpler","potentialAction":[{"@type":"SearchAction","target":{"@type":"EntryPoint","urlTemplate":"https:\/\/xn--haushaltsauflsung-c0b.info\/?s={search_term_string}"},"query-input":"required name=search_term_string"}],"inLanguage":"de"}]}},"_links":{"self":[{"href":"https:\/\/xn--haushaltsauflsung-c0b.info\/index.php?rest_route=\/wp\/v2\/pages\/600","targetHints":{"allow":["GET"]}}],"collection":[{"href":"https:\/\/xn--haushaltsauflsung-c0b.info\/index.php?rest_route=\/wp\/v2\/pages"}],"about":[{"href":"https:\/\/xn--haushaltsauflsung-c0b.info\/index.php?rest_route=\/wp\/v2\/types\/page"}],"author":[{"embeddable":true,"href":"https:\/\/xn--haushaltsauflsung-c0b.info\/index.php?rest_route=\/wp\/v2\/users\/3"}],"replies":[{"embeddable":true,"href":"https:\/\/xn--haushaltsauflsung-c0b.info\/index.php?rest_route=%2Fwp%2Fv2%2Fcomments&post=600"}],"version-history":[{"count":2,"href":"https:\/\/xn--haushaltsauflsung-c0b.info\/index.php?rest_route=\/wp\/v2\/pages\/600\/revisions"}],"predecessor-version":[{"id":615,"href":"https:\/\/xn--haushaltsauflsung-c0b.info\/index.php?rest_route=\/wp\/v2\/pages\/600\/revisions\/615"}],"wp:attachment":[{"href":"https:\/\/xn--haushaltsauflsung-c0b.info\/index.php?rest_route=%2Fwp%2Fv2%2Fmedia&parent=600"}],"curies":[{"name":"wp","href":"https:\/\/api.w.org\/{rel}","templated":true}]}}